{"id":20130,"date":"2025-11-09T14:27:32","date_gmt":"2025-11-09T11:27:32","guid":{"rendered":"https:\/\/woodvive.com\/?page_id=20130"},"modified":"2026-02-20T16:22:08","modified_gmt":"2026-02-20T13:22:08","slug":"home-2","status":"publish","type":"page","link":"https:\/\/woodvive.com\/","title":{"rendered":""},"content":{"rendered":"\n<figure class=\"wp-block-image alignfull size-large\"><a href=\"https:\/\/woodvive.com\/index.php\/product-category\/cerceveli-kanvas-tuval\/\"><img fetchpriority=\"high\" decoding=\"async\" width=\"1024\" height=\"307\" src=\"https:\/\/woodvive.com\/wp-content\/uploads\/2026\/01\/banner1-1024x307.jpg\" alt=\"\" class=\"wp-image-20835\" srcset=\"https:\/\/woodvive.com\/wp-content\/uploads\/2026\/01\/banner1-1024x307.jpg 1024w, https:\/\/woodvive.com\/wp-content\/uploads\/2026\/01\/banner1-300x90.jpg 300w, https:\/\/woodvive.com\/wp-content\/uploads\/2026\/01\/banner1-768x230.jpg 768w, https:\/\/woodvive.com\/wp-content\/uploads\/2026\/01\/banner1-1536x461.jpg 1536w, https:\/\/woodvive.com\/wp-content\/uploads\/2026\/01\/banner1-2048x614.jpg 2048w, https:\/\/woodvive.com\/wp-content\/uploads\/2026\/01\/banner1-990x297.jpg 990w, https:\/\/woodvive.com\/wp-content\/uploads\/2026\/01\/banner1-441x132.jpg 441w, https:\/\/woodvive.com\/wp-content\/uploads\/2026\/01\/banner1-1320x396.jpg 1320w, https:\/\/woodvive.com\/wp-content\/uploads\/2026\/01\/banner1-800x240.jpg 800w, https:\/\/woodvive.com\/wp-content\/uploads\/2026\/01\/banner1-150x45.jpg 150w\" sizes=\"(max-width: 1024px) 100vw, 1024px\" \/><\/a><\/figure>\n\n\n\n<hr class=\"wp-block-separator has-alpha-channel-opacity\"\/>\n\n\n\n<figure class=\"wp-block-image alignfull size-large\"><a href=\"https:\/\/woodvive.com\/index.php\/product\/6-panelli-moduler-tuvalli-cerceve\/\"><img decoding=\"async\" width=\"1024\" height=\"307\" src=\"https:\/\/woodvive.com\/wp-content\/uploads\/2026\/02\/banner6-1024x307.jpg\" alt=\"\" class=\"wp-image-20960\" srcset=\"https:\/\/woodvive.com\/wp-content\/uploads\/2026\/02\/banner6-1024x307.jpg 1024w, https:\/\/woodvive.com\/wp-content\/uploads\/2026\/02\/banner6-300x90.jpg 300w, https:\/\/woodvive.com\/wp-content\/uploads\/2026\/02\/banner6-768x230.jpg 768w, https:\/\/woodvive.com\/wp-content\/uploads\/2026\/02\/banner6-1536x461.jpg 1536w, https:\/\/woodvive.com\/wp-content\/uploads\/2026\/02\/banner6-2048x614.jpg 2048w, https:\/\/woodvive.com\/wp-content\/uploads\/2026\/02\/banner6-990x297.jpg 990w, https:\/\/woodvive.com\/wp-content\/uploads\/2026\/02\/banner6-441x132.jpg 441w, https:\/\/woodvive.com\/wp-content\/uploads\/2026\/02\/banner6-1320x396.jpg 1320w, https:\/\/woodvive.com\/wp-content\/uploads\/2026\/02\/banner6-800x240.jpg 800w, https:\/\/woodvive.com\/wp-content\/uploads\/2026\/02\/banner6-150x45.jpg 150w\" sizes=\"(max-width: 1024px) 100vw, 1024px\" \/><\/a><\/figure>\n\n\n\n<hr class=\"wp-block-separator has-alpha-channel-opacity\"\/>\n\n\n\n<figure class=\"wp-block-image alignfull size-large\"><a href=\"https:\/\/woodvive.com\/index.php\/product-category\/cerceve\/\"><img decoding=\"async\" width=\"1024\" height=\"307\" src=\"https:\/\/woodvive.com\/wp-content\/uploads\/2026\/01\/banner2-1024x307.jpg\" alt=\"\" class=\"wp-image-20834\" srcset=\"https:\/\/woodvive.com\/wp-content\/uploads\/2026\/01\/banner2-1024x307.jpg 1024w, https:\/\/woodvive.com\/wp-content\/uploads\/2026\/01\/banner2-300x90.jpg 300w, https:\/\/woodvive.com\/wp-content\/uploads\/2026\/01\/banner2-768x230.jpg 768w, https:\/\/woodvive.com\/wp-content\/uploads\/2026\/01\/banner2-1536x461.jpg 1536w, https:\/\/woodvive.com\/wp-content\/uploads\/2026\/01\/banner2-2048x615.jpg 2048w, https:\/\/woodvive.com\/wp-content\/uploads\/2026\/01\/banner2-990x297.jpg 990w, https:\/\/woodvive.com\/wp-content\/uploads\/2026\/01\/banner2-441x132.jpg 441w, https:\/\/woodvive.com\/wp-content\/uploads\/2026\/01\/banner2-1320x396.jpg 1320w, https:\/\/woodvive.com\/wp-content\/uploads\/2026\/01\/banner2-800x240.jpg 800w, https:\/\/woodvive.com\/wp-content\/uploads\/2026\/01\/banner2-150x45.jpg 150w\" sizes=\"(max-width: 1024px) 100vw, 1024px\" \/><\/a><\/figure>\n\n\n\n<hr class=\"wp-block-separator has-alpha-channel-opacity\"\/>\n\n\n\n<figure class=\"wp-block-image alignfull size-large\"><a href=\"https:\/\/woodvive.com\/index.php\/product\/ledli-yuvarlak-kanvas-tuval\/\"><img loading=\"lazy\" decoding=\"async\" width=\"1024\" height=\"307\" src=\"https:\/\/woodvive.com\/wp-content\/uploads\/2026\/01\/banner3-1024x307.jpg\" alt=\"\" class=\"wp-image-20833\" srcset=\"https:\/\/woodvive.com\/wp-content\/uploads\/2026\/01\/banner3-1024x307.jpg 1024w, https:\/\/woodvive.com\/wp-content\/uploads\/2026\/01\/banner3-300x90.jpg 300w, https:\/\/woodvive.com\/wp-content\/uploads\/2026\/01\/banner3-768x230.jpg 768w, https:\/\/woodvive.com\/wp-content\/uploads\/2026\/01\/banner3-1536x461.jpg 1536w, https:\/\/woodvive.com\/wp-content\/uploads\/2026\/01\/banner3-2048x614.jpg 2048w, https:\/\/woodvive.com\/wp-content\/uploads\/2026\/01\/banner3-990x297.jpg 990w, https:\/\/woodvive.com\/wp-content\/uploads\/2026\/01\/banner3-441x132.jpg 441w, https:\/\/woodvive.com\/wp-content\/uploads\/2026\/01\/banner3-1320x396.jpg 1320w, https:\/\/woodvive.com\/wp-content\/uploads\/2026\/01\/banner3-800x240.jpg 800w, https:\/\/woodvive.com\/wp-content\/uploads\/2026\/01\/banner3-150x45.jpg 150w\" sizes=\"(max-width: 1024px) 100vw, 1024px\" \/><\/a><\/figure>\n\n\n\n<hr class=\"wp-block-separator has-alpha-channel-opacity\"\/>\n\n\n\n<figure class=\"wp-block-image alignfull size-large\"><a href=\"https:\/\/woodvive.com\/index.php\/product-category\/tuval\/oval-organik-tuval\/\"><img loading=\"lazy\" decoding=\"async\" width=\"1024\" height=\"307\" src=\"https:\/\/woodvive.com\/wp-content\/uploads\/2026\/01\/banner4-1024x307.jpg\" alt=\"\" class=\"wp-image-20832\" srcset=\"https:\/\/woodvive.com\/wp-content\/uploads\/2026\/01\/banner4-1024x307.jpg 1024w, https:\/\/woodvive.com\/wp-content\/uploads\/2026\/01\/banner4-300x90.jpg 300w, https:\/\/woodvive.com\/wp-content\/uploads\/2026\/01\/banner4-768x230.jpg 768w, https:\/\/woodvive.com\/wp-content\/uploads\/2026\/01\/banner4-1536x461.jpg 1536w, https:\/\/woodvive.com\/wp-content\/uploads\/2026\/01\/banner4-2048x614.jpg 2048w, https:\/\/woodvive.com\/wp-content\/uploads\/2026\/01\/banner4-990x297.jpg 990w, https:\/\/woodvive.com\/wp-content\/uploads\/2026\/01\/banner4-441x132.jpg 441w, https:\/\/woodvive.com\/wp-content\/uploads\/2026\/01\/banner4-1320x396.jpg 1320w, https:\/\/woodvive.com\/wp-content\/uploads\/2026\/01\/banner4-800x240.jpg 800w, https:\/\/woodvive.com\/wp-content\/uploads\/2026\/01\/banner4-150x45.jpg 150w\" sizes=\"(max-width: 1024px) 100vw, 1024px\" \/><\/a><\/figure>\n\n\n\n<hr class=\"wp-block-separator has-alpha-channel-opacity\"\/>\n\n\n\n<figure class=\"wp-block-image alignfull size-large\"><a href=\"https:\/\/woodvive.com\/index.php\/product-category\/tuval\/\"><img loading=\"lazy\" decoding=\"async\" width=\"1024\" height=\"307\" src=\"https:\/\/woodvive.com\/wp-content\/uploads\/2026\/01\/banner5-1024x307.jpg\" alt=\"\" class=\"wp-image-20831\" srcset=\"https:\/\/woodvive.com\/wp-content\/uploads\/2026\/01\/banner5-1024x307.jpg 1024w, https:\/\/woodvive.com\/wp-content\/uploads\/2026\/01\/banner5-300x90.jpg 300w, https:\/\/woodvive.com\/wp-content\/uploads\/2026\/01\/banner5-768x230.jpg 768w, https:\/\/woodvive.com\/wp-content\/uploads\/2026\/01\/banner5-1536x461.jpg 1536w, https:\/\/woodvive.com\/wp-content\/uploads\/2026\/01\/banner5-2048x614.jpg 2048w, https:\/\/woodvive.com\/wp-content\/uploads\/2026\/01\/banner5-990x297.jpg 990w, https:\/\/woodvive.com\/wp-content\/uploads\/2026\/01\/banner5-441x132.jpg 441w, https:\/\/woodvive.com\/wp-content\/uploads\/2026\/01\/banner5-1320x396.jpg 1320w, https:\/\/woodvive.com\/wp-content\/uploads\/2026\/01\/banner5-800x240.jpg 800w, https:\/\/woodvive.com\/wp-content\/uploads\/2026\/01\/banner5-150x45.jpg 150w\" sizes=\"(max-width: 1024px) 100vw, 1024px\" \/><\/a><\/figure>\n","protected":false},"excerpt":{"rendered":"","protected":false},"author":1,"featured_media":0,"parent":0,"menu_order":0,"comment_status":"closed","ping_status":"closed","template":"","meta":{"footnotes":""},"class_list":["post-20130","page","type-page","status-publish","hentry"],"yoast_head":"<!-- This site is optimized with the Yoast SEO plugin v27.4 - https:\/\/yoast.com\/product\/yoast-seo-wordpress\/ -->\n<title>Kanvas Tuval, \u00c7er\u00e7eveli &amp; \u00d6zel Form Tuvaller | Woodvive<\/title>\n<meta name=\"description\" content=\"%100 pamuk kanvas tuval, \u00e7er\u00e7eveli ve \u00f6zel form tuval modelleri. At\u00f6lyede \u00fcretilen, sa\u011flam \u015faseli, \u00f6l\u00e7\u00fc se\u00e7enekli premium tuval \u00e7\u00f6z\u00fcmleri.\" \/>\n<meta name=\"robots\" content=\"index, follow, max-snippet:-1, max-image-preview:large, max-video-preview:-1\" \/>\n<link rel=\"canonical\" href=\"https:\/\/woodvive.com\/\" \/>\n<meta property=\"og:locale\" content=\"tr_TR\" \/>\n<meta property=\"og:type\" content=\"article\" \/>\n<meta property=\"og:title\" content=\"Kanvas Tuval, \u00c7er\u00e7eveli &amp; \u00d6zel Form Tuvaller | Woodvive\" \/>\n<meta property=\"og:description\" content=\"%100 pamuk kanvas tuval, \u00e7er\u00e7eveli ve \u00f6zel form tuval modelleri. At\u00f6lyede \u00fcretilen, sa\u011flam \u015faseli, \u00f6l\u00e7\u00fc se\u00e7enekli premium tuval \u00e7\u00f6z\u00fcmleri.\" \/>\n<meta property=\"og:url\" content=\"https:\/\/woodvive.com\/\" \/>\n<meta property=\"og:site_name\" content=\"Woodvive\" \/>\n<meta property=\"article:publisher\" content=\"https:\/\/www.facebook.com\/woodvivedecor\/\" \/>\n<meta property=\"article:modified_time\" content=\"2026-02-20T13:22:08+00:00\" \/>\n<meta property=\"og:image\" content=\"https:\/\/woodvive.com\/wp-content\/uploads\/2026\/01\/banner1-scaled.jpg\" \/>\n\t<meta property=\"og:image:width\" content=\"2560\" \/>\n\t<meta property=\"og:image:height\" content=\"768\" \/>\n\t<meta property=\"og:image:type\" content=\"image\/jpeg\" \/>\n<script type=\"application\/ld+json\" class=\"yoast-schema-graph\">{\"@context\":\"https:\\\/\\\/schema.org\",\"@graph\":[{\"@type\":\"WebPage\",\"@id\":\"https:\\\/\\\/woodvive.com\\\/\",\"url\":\"https:\\\/\\\/woodvive.com\\\/\",\"name\":\"Kanvas Tuval, \u00c7er\u00e7eveli & \u00d6zel Form Tuvaller | Woodvive\",\"isPartOf\":{\"@id\":\"https:\\\/\\\/woodvive.com\\\/#website\"},\"primaryImageOfPage\":{\"@id\":\"https:\\\/\\\/woodvive.com\\\/#primaryimage\"},\"image\":{\"@id\":\"https:\\\/\\\/woodvive.com\\\/#primaryimage\"},\"thumbnailUrl\":\"https:\\\/\\\/woodvive.com\\\/wp-content\\\/uploads\\\/2026\\\/01\\\/banner1-1024x307.jpg\",\"datePublished\":\"2025-11-09T11:27:32+00:00\",\"dateModified\":\"2026-02-20T13:22:08+00:00\",\"description\":\"%100 pamuk kanvas tuval, \u00e7er\u00e7eveli ve \u00f6zel form tuval modelleri. At\u00f6lyede \u00fcretilen, sa\u011flam \u015faseli, \u00f6l\u00e7\u00fc se\u00e7enekli premium tuval \u00e7\u00f6z\u00fcmleri.\",\"breadcrumb\":{\"@id\":\"https:\\\/\\\/woodvive.com\\\/#breadcrumb\"},\"inLanguage\":\"tr\",\"potentialAction\":[{\"@type\":\"ReadAction\",\"target\":[\"https:\\\/\\\/woodvive.com\\\/\"]}]},{\"@type\":\"ImageObject\",\"inLanguage\":\"tr\",\"@id\":\"https:\\\/\\\/woodvive.com\\\/#primaryimage\",\"url\":\"https:\\\/\\\/woodvive.com\\\/wp-content\\\/uploads\\\/2026\\\/01\\\/banner1-scaled.jpg\",\"contentUrl\":\"https:\\\/\\\/woodvive.com\\\/wp-content\\\/uploads\\\/2026\\\/01\\\/banner1-scaled.jpg\",\"width\":2560,\"height\":768},{\"@type\":\"BreadcrumbList\",\"@id\":\"https:\\\/\\\/woodvive.com\\\/#breadcrumb\",\"itemListElement\":[]},{\"@type\":\"WebSite\",\"@id\":\"https:\\\/\\\/woodvive.com\\\/#website\",\"url\":\"https:\\\/\\\/woodvive.com\\\/\",\"name\":\"Woodvive Ah\u015fap At\u00f6lyesi\",\"description\":\"Sanat i\u00e7in do\u011fal tasar\u0131m\",\"publisher\":{\"@id\":\"https:\\\/\\\/woodvive.com\\\/#organization\"},\"alternateName\":\"Woodvive\",\"potentialAction\":[{\"@type\":\"SearchAction\",\"target\":{\"@type\":\"EntryPoint\",\"urlTemplate\":\"https:\\\/\\\/woodvive.com\\\/?s={search_term_string}\"},\"query-input\":{\"@type\":\"PropertyValueSpecification\",\"valueRequired\":true,\"valueName\":\"search_term_string\"}}],\"inLanguage\":\"tr\"},{\"@type\":\"Organization\",\"@id\":\"https:\\\/\\\/woodvive.com\\\/#organization\",\"name\":\"Woodvive Ah\u015fap At\u00f6lyesi\",\"alternateName\":\"Woodvive\",\"url\":\"https:\\\/\\\/woodvive.com\\\/\",\"logo\":{\"@type\":\"ImageObject\",\"inLanguage\":\"tr\",\"@id\":\"https:\\\/\\\/woodvive.com\\\/#\\\/schema\\\/logo\\\/image\\\/\",\"url\":\"https:\\\/\\\/woodvive.com\\\/wp-content\\\/uploads\\\/2026\\\/01\\\/cropped-logopng-e1768079678709.png\",\"contentUrl\":\"https:\\\/\\\/woodvive.com\\\/wp-content\\\/uploads\\\/2026\\\/01\\\/cropped-logopng-e1768079678709.png\",\"width\":1275,\"height\":597,\"caption\":\"Woodvive Ah\u015fap At\u00f6lyesi\"},\"image\":{\"@id\":\"https:\\\/\\\/woodvive.com\\\/#\\\/schema\\\/logo\\\/image\\\/\"},\"sameAs\":[\"https:\\\/\\\/www.facebook.com\\\/woodvivedecor\\\/\",\"http:\\\/\\\/instagram.com\\\/woodvivecom\",\"http:\\\/\\\/youtube.com\\\/@woodvive\",\"https:\\\/\\\/tr.pinterest.com\\\/woodvive\\\/\"]}]}<\/script>\n<!-- \/ Yoast SEO plugin. -->","yoast_head_json":{"title":"Kanvas Tuval, \u00c7er\u00e7eveli & \u00d6zel Form Tuvaller | Woodvive","description":"%100 pamuk kanvas tuval, \u00e7er\u00e7eveli ve \u00f6zel form tuval modelleri. At\u00f6lyede \u00fcretilen, sa\u011flam \u015faseli, \u00f6l\u00e7\u00fc se\u00e7enekli premium tuval \u00e7\u00f6z\u00fcmleri.","robots":{"index":"index","follow":"follow","max-snippet":"max-snippet:-1","max-image-preview":"max-image-preview:large","max-video-preview":"max-video-preview:-1"},"canonical":"https:\/\/woodvive.com\/","og_locale":"tr_TR","og_type":"article","og_title":"Kanvas Tuval, \u00c7er\u00e7eveli & \u00d6zel Form Tuvaller | Woodvive","og_description":"%100 pamuk kanvas tuval, \u00e7er\u00e7eveli ve \u00f6zel form tuval modelleri. At\u00f6lyede \u00fcretilen, sa\u011flam \u015faseli, \u00f6l\u00e7\u00fc se\u00e7enekli premium tuval \u00e7\u00f6z\u00fcmleri.","og_url":"https:\/\/woodvive.com\/","og_site_name":"Woodvive","article_publisher":"https:\/\/www.facebook.com\/woodvivedecor\/","article_modified_time":"2026-02-20T13:22:08+00:00","og_image":[{"width":2560,"height":768,"url":"https:\/\/woodvive.com\/wp-content\/uploads\/2026\/01\/banner1-scaled.jpg","type":"image\/jpeg"}],"schema":{"@context":"https:\/\/schema.org","@graph":[{"@type":"WebPage","@id":"https:\/\/woodvive.com\/","url":"https:\/\/woodvive.com\/","name":"Kanvas Tuval, \u00c7er\u00e7eveli & \u00d6zel Form Tuvaller | Woodvive","isPartOf":{"@id":"https:\/\/woodvive.com\/#website"},"primaryImageOfPage":{"@id":"https:\/\/woodvive.com\/#primaryimage"},"image":{"@id":"https:\/\/woodvive.com\/#primaryimage"},"thumbnailUrl":"https:\/\/woodvive.com\/wp-content\/uploads\/2026\/01\/banner1-1024x307.jpg","datePublished":"2025-11-09T11:27:32+00:00","dateModified":"2026-02-20T13:22:08+00:00","description":"%100 pamuk kanvas tuval, \u00e7er\u00e7eveli ve \u00f6zel form tuval modelleri. At\u00f6lyede \u00fcretilen, sa\u011flam \u015faseli, \u00f6l\u00e7\u00fc se\u00e7enekli premium tuval \u00e7\u00f6z\u00fcmleri.","breadcrumb":{"@id":"https:\/\/woodvive.com\/#breadcrumb"},"inLanguage":"tr","potentialAction":[{"@type":"ReadAction","target":["https:\/\/woodvive.com\/"]}]},{"@type":"ImageObject","inLanguage":"tr","@id":"https:\/\/woodvive.com\/#primaryimage","url":"https:\/\/woodvive.com\/wp-content\/uploads\/2026\/01\/banner1-scaled.jpg","contentUrl":"https:\/\/woodvive.com\/wp-content\/uploads\/2026\/01\/banner1-scaled.jpg","width":2560,"height":768},{"@type":"BreadcrumbList","@id":"https:\/\/woodvive.com\/#breadcrumb","itemListElement":[]},{"@type":"WebSite","@id":"https:\/\/woodvive.com\/#website","url":"https:\/\/woodvive.com\/","name":"Woodvive Ah\u015fap At\u00f6lyesi","description":"Sanat i\u00e7in do\u011fal tasar\u0131m","publisher":{"@id":"https:\/\/woodvive.com\/#organization"},"alternateName":"Woodvive","potentialAction":[{"@type":"SearchAction","target":{"@type":"EntryPoint","urlTemplate":"https:\/\/woodvive.com\/?s={search_term_string}"},"query-input":{"@type":"PropertyValueSpecification","valueRequired":true,"valueName":"search_term_string"}}],"inLanguage":"tr"},{"@type":"Organization","@id":"https:\/\/woodvive.com\/#organization","name":"Woodvive Ah\u015fap At\u00f6lyesi","alternateName":"Woodvive","url":"https:\/\/woodvive.com\/","logo":{"@type":"ImageObject","inLanguage":"tr","@id":"https:\/\/woodvive.com\/#\/schema\/logo\/image\/","url":"https:\/\/woodvive.com\/wp-content\/uploads\/2026\/01\/cropped-logopng-e1768079678709.png","contentUrl":"https:\/\/woodvive.com\/wp-content\/uploads\/2026\/01\/cropped-logopng-e1768079678709.png","width":1275,"height":597,"caption":"Woodvive Ah\u015fap At\u00f6lyesi"},"image":{"@id":"https:\/\/woodvive.com\/#\/schema\/logo\/image\/"},"sameAs":["https:\/\/www.facebook.com\/woodvivedecor\/","http:\/\/instagram.com\/woodvivecom","http:\/\/youtube.com\/@woodvive","https:\/\/tr.pinterest.com\/woodvive\/"]}]}},"_links":{"self":[{"href":"https:\/\/woodvive.com\/index.php\/wp-json\/wp\/v2\/pages\/20130","targetHints":{"allow":["GET"]}}],"collection":[{"href":"https:\/\/woodvive.com\/index.php\/wp-json\/wp\/v2\/pages"}],"about":[{"href":"https:\/\/woodvive.com\/index.php\/wp-json\/wp\/v2\/types\/page"}],"author":[{"embeddable":true,"href":"https:\/\/woodvive.com\/index.php\/wp-json\/wp\/v2\/users\/1"}],"replies":[{"embeddable":true,"href":"https:\/\/woodvive.com\/index.php\/wp-json\/wp\/v2\/comments?post=20130"}],"version-history":[{"count":0,"href":"https:\/\/woodvive.com\/index.php\/wp-json\/wp\/v2\/pages\/20130\/revisions"}],"wp:attachment":[{"href":"https:\/\/woodvive.com\/index.php\/wp-json\/wp\/v2\/media?parent=20130"}],"curies":[{"name":"wp","href":"https:\/\/api.w.org\/{rel}","templated":true}]}}