{"id":20953,"date":"2026-02-20T15:51:41","date_gmt":"2026-02-20T12:51:41","guid":{"rendered":"https:\/\/woodvive.com\/?post_type=product&#038;p=20953"},"modified":"2026-03-01T20:38:45","modified_gmt":"2026-03-01T17:38:45","slug":"6-panelli-moduler-tuvalli-cerceve","status":"publish","type":"product","link":"https:\/\/woodvive.com\/index.php\/product\/6-panelli-moduler-tuvalli-cerceve\/","title":{"rendered":"6 Panelli Mod\u00fcler Tuvalli \u00c7er\u00e7eve &#8211; \u00c7oklu Set &#8211; Do\u011fal Ah\u015fap"},"content":{"rendered":"\n<p>Evinizde veya ofisinizde \u00f6zg\u00fcn bir duvar d\u00fczeni olu\u015fturmak i\u00e7in tasarlanm\u0131\u015f <strong>6 panelli mod\u00fcler tuval \u00e7er\u00e7eve<\/strong>, farkl\u0131 i\u00e7erikleri tek bir \u015f\u0131k \u00e7er\u00e7evede sergilemenizi sa\u011flar.<\/p>\n\n\n\n<p>Bu \u00e7oklu tuval \u00e7er\u00e7eve ile:<br>\u2022 Bask\u0131 \u00e7al\u0131\u015fmalar\u0131n\u0131z\u0131<br>\u2022 Sanatsal tasar\u0131mlar\u0131n\u0131z\u0131 kolayca d\u00fczenleyebilir ve modern bir kolaj olu\u015fturabilirsiniz.<\/p>\n\n\n\n<p>Ah\u015fap \u00e7er\u00e7eve yap\u0131s\u0131 sayesinde do\u011fal ve s\u0131cak bir g\u00f6r\u00fcn\u00fcm sunar. Minimal ve modern tasar\u0131m\u0131 ile salon, yatak odas\u0131, ofis ve \u00e7al\u0131\u015fma alanlar\u0131 i\u00e7in idealdir.<\/p>\n\n\n\n<ul class=\"wp-block-list\">\n<li>El i\u015f\u00e7ili\u011fiyle \u00fcretim ve do\u011fal ah\u015fap benzersiz dokular,<\/li>\n\n\n\n<li>Ton ve doku farkl\u0131l\u0131klar\u0131 olabilir,<\/li>\n\n\n\n<li>6 adet tuval ile birlikte g\u00f6nderilmektedir,<\/li>\n\n\n\n<li>Montajl\u0131 g\u00f6nderilmektedir,<\/li>\n\n\n\n<li>\u00c7al\u0131\u015fmas\u0131 \u00f6ncesinde tuvalleri \u00e7er\u00e7eveden \u00e7\u0131kartmal\u0131s\u0131n\u0131z.<\/li>\n<\/ul>\n\n\n\n<h3 class=\"wp-block-heading has-text-align-center\"><strong>Teknik \u00d6zellikler<\/strong><\/h3>\n\n\n\n<hr class=\"wp-block-separator has-alpha-channel-opacity\"\/>\n\n\n\n<div style=\"overflow-x:auto;-webkit-overflow-scrolling:touch;width:100%;max-width:100%;\">\n  <table style=\"min-width:900px;width:auto;border:0;border-collapse:collapse;\">\n    <tbody>\n      <tr>\n        <td style=\"text-align:center;padding:10px;\"><strong>\u015ease \u00d6zellikleri<\/strong><\/td>\n        <td style=\"text-align:center;padding:10px;\"><strong>Kanvas Kuma\u015f \u00d6zellikleri<\/strong><\/td>\n        <td style=\"text-align:center;padding:10px;\"><strong>\u00d6l\u00e7\u00fc<\/strong><\/td>\n        <td style=\"text-align:center;padding:10px;\"><strong>Kullan\u0131m Alanlar\u0131<\/strong><\/td>\n        <td style=\"text-align:center;padding:10px;\"><strong>\u00dcretim &amp; Kalite<\/strong><\/td>\n      <\/tr>\n\n      <tr>\n        <td style=\"text-align:center;padding:10px;vertical-align:top;\">\n          <strong>20 mm \u00d7 40 mm<\/strong> kesit<br>\n          30 x 40 mm \u00e7er\u00e7eve \u015fasesi<br>\n          <strong>1. s\u0131n\u0131f f\u0131r\u0131n kurusu ah\u015fap<\/strong><br>\n          D\u00f6nme ve esnemeye kar\u015f\u0131 dayan\u0131kl\u0131 yap\u0131<br>\n          Profesyonel germe i\u00e7in ideal \u00f6l\u00e7\u00fc\n        <\/td>\n\n        <td style=\"text-align:center;padding:10px;vertical-align:top;\">\n          <strong>380 gr \/ m\u00b2<\/strong><br>\n          <strong>%100 pamuk<\/strong><br>\n          Y\u00fcksek dokuma y\u00fczey<br>\n          \u00d6nceden <strong>astarlanm\u0131\u015f<\/strong><br>\n          Boya, akrilik, ya\u011fl\u0131 boya ve bask\u0131 i\u00e7in uygundur\n        <\/td>\n\n        <td style=\"text-align:center;padding:10px;vertical-align:top;\">\n          Tuval \u00d6l\u00e7\u00fcleri:<br>\n          20&#215;150 &#8211; 300mm aras\u0131<br><br>\n          \u00c7er\u00e7eve \u00d6l\u00e7\u00fcleri:<br>\n          40&#215;364 &#8211; 990 mm aras\u0131<br><br>\n          +-2mm tolerans\n        <\/td>\n\n        <td style=\"text-align:center;padding:10px;vertical-align:top;\">\n          Sanat ve resim \u00e7al\u0131\u015fmalar\u0131<br>\n          Dijital bask\u0131 ve canvas print<br>\n          Ev &amp; ofis dekorasyonu<br>\n          Sergi ve galeri uygulamalar\u0131\n        <\/td>\n\n        <td style=\"text-align:center;padding:10px;vertical-align:top;\">\n          T\u00fcrkiye\u2019de, at\u00f6lyede \u00fcretilir<br>\n          Her tuval tek tek kontrol edilir<br>\n          \u00d6zenli ve g\u00fcvenli paketleme ile g\u00f6nderilir\n        <\/td>\n      <\/tr>\n    <\/tbody>\n  <\/table>\n<\/div>\n\n<div style=\"overflow-x:auto;-webkit-overflow-scrolling:touch;width:100%;max-width:100%;\">\n  <table style=\"min-width:900px;width:auto;border:0;border-collapse:collapse;\">\n    <!-- TABLO AYNI -->\n  <\/table>\n<\/div>\n\n<div style=\"width:100%;overflow-x:auto;\">\n  <div style=\"width:900px;height:6px;background:#ccc;border-radius:3px;\"><\/div>\n<\/div>\n\n<div style=\"font-size:12px;text-align:center;margin-bottom:5px;\">\n\ud83d\udc49 Sa\u011fa kayd\u0131r\u0131n\n<\/div>\n\n\n\n<h3 class=\"wp-block-heading has-text-align-center\" style=\"border-style:none;border-width:0px\"><strong>\u00d6l\u00e7\u00fcler<\/strong><\/h3>\n\n\n\n<hr class=\"wp-block-separator has-alpha-channel-opacity\"\/>\n\n\n\n<figure class=\"wp-block-table is-style-stripes\" style=\"margin-top:0;margin-right:0;margin-bottom:0;margin-left:0\"><table style=\"border-style:none;border-width:0px\"><thead><tr><th class=\"has-text-align-center\" data-align=\"center\">Tuval \u00d6l\u00e7\u00fcs\u00fc<\/th><th class=\"has-text-align-center\" data-align=\"center\">\u00c7er\u00e7eve \u00d6l\u00e7\u00fcs\u00fc (En &#8211; Boy)<\/th><\/tr><\/thead><tbody><tr><td class=\"has-text-align-center\" data-align=\"center\">150\u00d7150 mm 6 adet<\/td><td class=\"has-text-align-center\" data-align=\"center\">364 x 540 mm<\/td><\/tr><tr><td class=\"has-text-align-center\" data-align=\"center\">200\u00d7200 mm 6 adet<\/td><td class=\"has-text-align-center\" data-align=\"center\">464 x 690 mm<\/td><\/tr><tr><td class=\"has-text-align-center\" data-align=\"center\">250\u00d7250 mm 6 adet<\/td><td class=\"has-text-align-center\" data-align=\"center\">564 x 840 mm<\/td><\/tr><tr><td class=\"has-text-align-center\" data-align=\"center\">300\u00d7300 mm 6 adet<\/td><td class=\"has-text-align-center\" data-align=\"center\">664 x 990 mm<\/td><\/tr><\/tbody><\/table><\/figure>\n","protected":false},"excerpt":{"rendered":"<p>Evinizde veya ofisinizde \u00f6zg\u00fcn bir duvar d\u00fczeni olu\u015fturmak i\u00e7in tasarlanm\u0131\u015f 6 panelli mod\u00fcler tuval \u00e7er\u00e7eve, farkl\u0131 i\u00e7erikleri tek bir \u015f\u0131k \u00e7er\u00e7evede sergilemenizi sa\u011flar. Bu \u00e7oklu tuval \u00e7er\u00e7eve ile:\u2022 Bask\u0131 \u00e7al\u0131\u015fmalar\u0131n\u0131z\u0131\u2022 Sanatsal tasar\u0131mlar\u0131n\u0131z\u0131 kolayca d\u00fczenleyebilir ve modern bir kolaj olu\u015fturabilirsiniz. Ah\u015fap \u00e7er\u00e7eve yap\u0131s\u0131 sayesinde do\u011fal ve s\u0131cak bir g\u00f6r\u00fcn\u00fcm sunar. Minimal ve modern tasar\u0131m\u0131 ile salon, [&hellip;]<\/p>\n","protected":false},"featured_media":20931,"comment_status":"open","ping_status":"closed","template":"","meta":[],"product_brand":[227],"product_cat":[332,328,331],"product_tag":[455,452],"class_list":{"0":"post-20953","1":"product","2":"type-product","3":"status-publish","4":"has-post-thumbnail","6":"product_brand-woodvive","7":"product_cat-cerceveli-kanvas-tuval","8":"product_cat-dekoratif-sanatsal-tuval","9":"product_cat-ozel-form-cerceveler","10":"product_tag-moduler-tuvalli-cerceveler","11":"product_tag-panelli-cerceve","13":"first","14":"instock","15":"taxable","16":"shipping-taxable","17":"purchasable","18":"product-type-variable"},"yoast_head":"<!-- This site is optimized with the Yoast SEO plugin v27.4 - https:\/\/yoast.com\/product\/yoast-seo-wordpress\/ -->\n<title>6 Panelli Mod\u00fcler Tuvalli \u00c7er\u00e7eve - \u00c7oklu Set - Do\u011fal Ah\u015fap - Woodvive<\/title>\n<meta name=\"robots\" content=\"index, follow, max-snippet:-1, max-image-preview:large, max-video-preview:-1\" \/>\n<link rel=\"canonical\" href=\"https:\/\/woodvive.com\/index.php\/product\/6-panelli-moduler-tuvalli-cerceve\/\" \/>\n<meta property=\"og:locale\" content=\"tr_TR\" \/>\n<meta property=\"og:type\" content=\"article\" \/>\n<meta property=\"og:title\" content=\"6 Panelli Mod\u00fcler Tuvalli \u00c7er\u00e7eve - \u00c7oklu Set - Do\u011fal Ah\u015fap - Woodvive\" \/>\n<meta property=\"og:description\" content=\"Evinizde veya ofisinizde \u00f6zg\u00fcn bir duvar d\u00fczeni olu\u015fturmak i\u00e7in tasarlanm\u0131\u015f 6 panelli mod\u00fcler tuval \u00e7er\u00e7eve, farkl\u0131 i\u00e7erikleri tek bir \u015f\u0131k \u00e7er\u00e7evede sergilemenizi sa\u011flar. Bu \u00e7oklu tuval \u00e7er\u00e7eve ile:\u2022 Bask\u0131 \u00e7al\u0131\u015fmalar\u0131n\u0131z\u0131\u2022 Sanatsal tasar\u0131mlar\u0131n\u0131z\u0131 kolayca d\u00fczenleyebilir ve modern bir kolaj olu\u015fturabilirsiniz. Ah\u015fap \u00e7er\u00e7eve yap\u0131s\u0131 sayesinde do\u011fal ve s\u0131cak bir g\u00f6r\u00fcn\u00fcm sunar. Minimal ve modern tasar\u0131m\u0131 ile salon, [&hellip;]\" \/>\n<meta property=\"og:url\" content=\"https:\/\/woodvive.com\/index.php\/product\/6-panelli-moduler-tuvalli-cerceve\/\" \/>\n<meta property=\"og:site_name\" content=\"Woodvive\" \/>\n<meta property=\"article:publisher\" content=\"https:\/\/www.facebook.com\/woodvivedecor\/\" \/>\n<meta property=\"article:modified_time\" content=\"2026-03-01T17:38:45+00:00\" \/>\n<meta property=\"og:image\" content=\"https:\/\/woodvive.com\/wp-content\/uploads\/2026\/02\/1-1.jpg\" \/>\n\t<meta property=\"og:image:width\" content=\"2154\" \/>\n\t<meta property=\"og:image:height\" content=\"2154\" \/>\n\t<meta property=\"og:image:type\" content=\"image\/jpeg\" \/>\n<script type=\"application\/ld+json\" class=\"yoast-schema-graph\">{\"@context\":\"https:\\\/\\\/schema.org\",\"@graph\":[{\"@type\":\"WebPage\",\"@id\":\"https:\\\/\\\/woodvive.com\\\/index.php\\\/product\\\/6-panelli-moduler-tuvalli-cerceve\\\/\",\"url\":\"https:\\\/\\\/woodvive.com\\\/index.php\\\/product\\\/6-panelli-moduler-tuvalli-cerceve\\\/\",\"name\":\"6 Panelli Mod\u00fcler Tuvalli \u00c7er\u00e7eve - \u00c7oklu Set - Do\u011fal Ah\u015fap - Woodvive\",\"isPartOf\":{\"@id\":\"https:\\\/\\\/woodvive.com\\\/#website\"},\"primaryImageOfPage\":{\"@id\":\"https:\\\/\\\/woodvive.com\\\/index.php\\\/product\\\/6-panelli-moduler-tuvalli-cerceve\\\/#primaryimage\"},\"image\":{\"@id\":\"https:\\\/\\\/woodvive.com\\\/index.php\\\/product\\\/6-panelli-moduler-tuvalli-cerceve\\\/#primaryimage\"},\"thumbnailUrl\":\"https:\\\/\\\/woodvive.com\\\/wp-content\\\/uploads\\\/2026\\\/02\\\/1-1.jpg\",\"datePublished\":\"2026-02-20T12:51:41+00:00\",\"dateModified\":\"2026-03-01T17:38:45+00:00\",\"breadcrumb\":{\"@id\":\"https:\\\/\\\/woodvive.com\\\/index.php\\\/product\\\/6-panelli-moduler-tuvalli-cerceve\\\/#breadcrumb\"},\"inLanguage\":\"tr\",\"potentialAction\":[{\"@type\":\"ReadAction\",\"target\":[\"https:\\\/\\\/woodvive.com\\\/index.php\\\/product\\\/6-panelli-moduler-tuvalli-cerceve\\\/\"]}]},{\"@type\":\"ImageObject\",\"inLanguage\":\"tr\",\"@id\":\"https:\\\/\\\/woodvive.com\\\/index.php\\\/product\\\/6-panelli-moduler-tuvalli-cerceve\\\/#primaryimage\",\"url\":\"https:\\\/\\\/woodvive.com\\\/wp-content\\\/uploads\\\/2026\\\/02\\\/1-1.jpg\",\"contentUrl\":\"https:\\\/\\\/woodvive.com\\\/wp-content\\\/uploads\\\/2026\\\/02\\\/1-1.jpg\",\"width\":2154,\"height\":2154,\"caption\":\"Mod\u00fcler \u00e7oklu set kanvas \u00e7er\u00e7eve\"},{\"@type\":\"BreadcrumbList\",\"@id\":\"https:\\\/\\\/woodvive.com\\\/index.php\\\/product\\\/6-panelli-moduler-tuvalli-cerceve\\\/#breadcrumb\",\"itemListElement\":[{\"@type\":\"ListItem\",\"position\":1,\"name\":\"\u00dcr\u00fcnler\",\"item\":\"https:\\\/\\\/woodvive.com\\\/index.php\\\/shop\\\/\"},{\"@type\":\"ListItem\",\"position\":2,\"name\":\"\u00c7er\u00e7eveli Kanvas \\\/ Tuval\",\"item\":\"https:\\\/\\\/woodvive.com\\\/index.php\\\/product-category\\\/cerceveli-kanvas-tuval\\\/\"},{\"@type\":\"ListItem\",\"position\":3,\"name\":\"6 Panelli Mod\u00fcler Tuvalli \u00c7er\u00e7eve &#8211; \u00c7oklu Set &#8211; Do\u011fal Ah\u015fap\"}]},{\"@type\":\"WebSite\",\"@id\":\"https:\\\/\\\/woodvive.com\\\/#website\",\"url\":\"https:\\\/\\\/woodvive.com\\\/\",\"name\":\"Woodvive Ah\u015fap At\u00f6lyesi\",\"description\":\"Sanat i\u00e7in do\u011fal tasar\u0131m\",\"publisher\":{\"@id\":\"https:\\\/\\\/woodvive.com\\\/#organization\"},\"alternateName\":\"Woodvive\",\"potentialAction\":[{\"@type\":\"SearchAction\",\"target\":{\"@type\":\"EntryPoint\",\"urlTemplate\":\"https:\\\/\\\/woodvive.com\\\/?s={search_term_string}\"},\"query-input\":{\"@type\":\"PropertyValueSpecification\",\"valueRequired\":true,\"valueName\":\"search_term_string\"}}],\"inLanguage\":\"tr\"},{\"@type\":\"Organization\",\"@id\":\"https:\\\/\\\/woodvive.com\\\/#organization\",\"name\":\"Woodvive Ah\u015fap At\u00f6lyesi\",\"alternateName\":\"Woodvive\",\"url\":\"https:\\\/\\\/woodvive.com\\\/\",\"logo\":{\"@type\":\"ImageObject\",\"inLanguage\":\"tr\",\"@id\":\"https:\\\/\\\/woodvive.com\\\/#\\\/schema\\\/logo\\\/image\\\/\",\"url\":\"https:\\\/\\\/woodvive.com\\\/wp-content\\\/uploads\\\/2026\\\/01\\\/cropped-logopng-e1768079678709.png\",\"contentUrl\":\"https:\\\/\\\/woodvive.com\\\/wp-content\\\/uploads\\\/2026\\\/01\\\/cropped-logopng-e1768079678709.png\",\"width\":1275,\"height\":597,\"caption\":\"Woodvive Ah\u015fap At\u00f6lyesi\"},\"image\":{\"@id\":\"https:\\\/\\\/woodvive.com\\\/#\\\/schema\\\/logo\\\/image\\\/\"},\"sameAs\":[\"https:\\\/\\\/www.facebook.com\\\/woodvivedecor\\\/\",\"http:\\\/\\\/instagram.com\\\/woodvivecom\",\"http:\\\/\\\/youtube.com\\\/@woodvive\",\"https:\\\/\\\/tr.pinterest.com\\\/woodvive\\\/\"]}]}<\/script>\n<!-- \/ Yoast SEO plugin. -->","yoast_head_json":{"title":"6 Panelli Mod\u00fcler Tuvalli \u00c7er\u00e7eve - \u00c7oklu Set - Do\u011fal Ah\u015fap - Woodvive","robots":{"index":"index","follow":"follow","max-snippet":"max-snippet:-1","max-image-preview":"max-image-preview:large","max-video-preview":"max-video-preview:-1"},"canonical":"https:\/\/woodvive.com\/index.php\/product\/6-panelli-moduler-tuvalli-cerceve\/","og_locale":"tr_TR","og_type":"article","og_title":"6 Panelli Mod\u00fcler Tuvalli \u00c7er\u00e7eve - \u00c7oklu Set - Do\u011fal Ah\u015fap - Woodvive","og_description":"Evinizde veya ofisinizde \u00f6zg\u00fcn bir duvar d\u00fczeni olu\u015fturmak i\u00e7in tasarlanm\u0131\u015f 6 panelli mod\u00fcler tuval \u00e7er\u00e7eve, farkl\u0131 i\u00e7erikleri tek bir \u015f\u0131k \u00e7er\u00e7evede sergilemenizi sa\u011flar. Bu \u00e7oklu tuval \u00e7er\u00e7eve ile:\u2022 Bask\u0131 \u00e7al\u0131\u015fmalar\u0131n\u0131z\u0131\u2022 Sanatsal tasar\u0131mlar\u0131n\u0131z\u0131 kolayca d\u00fczenleyebilir ve modern bir kolaj olu\u015fturabilirsiniz. Ah\u015fap \u00e7er\u00e7eve yap\u0131s\u0131 sayesinde do\u011fal ve s\u0131cak bir g\u00f6r\u00fcn\u00fcm sunar. Minimal ve modern tasar\u0131m\u0131 ile salon, [&hellip;]","og_url":"https:\/\/woodvive.com\/index.php\/product\/6-panelli-moduler-tuvalli-cerceve\/","og_site_name":"Woodvive","article_publisher":"https:\/\/www.facebook.com\/woodvivedecor\/","article_modified_time":"2026-03-01T17:38:45+00:00","og_image":[{"width":2154,"height":2154,"url":"https:\/\/woodvive.com\/wp-content\/uploads\/2026\/02\/1-1.jpg","type":"image\/jpeg"}],"schema":{"@context":"https:\/\/schema.org","@graph":[{"@type":"WebPage","@id":"https:\/\/woodvive.com\/index.php\/product\/6-panelli-moduler-tuvalli-cerceve\/","url":"https:\/\/woodvive.com\/index.php\/product\/6-panelli-moduler-tuvalli-cerceve\/","name":"6 Panelli Mod\u00fcler Tuvalli \u00c7er\u00e7eve - \u00c7oklu Set - Do\u011fal Ah\u015fap - Woodvive","isPartOf":{"@id":"https:\/\/woodvive.com\/#website"},"primaryImageOfPage":{"@id":"https:\/\/woodvive.com\/index.php\/product\/6-panelli-moduler-tuvalli-cerceve\/#primaryimage"},"image":{"@id":"https:\/\/woodvive.com\/index.php\/product\/6-panelli-moduler-tuvalli-cerceve\/#primaryimage"},"thumbnailUrl":"https:\/\/woodvive.com\/wp-content\/uploads\/2026\/02\/1-1.jpg","datePublished":"2026-02-20T12:51:41+00:00","dateModified":"2026-03-01T17:38:45+00:00","breadcrumb":{"@id":"https:\/\/woodvive.com\/index.php\/product\/6-panelli-moduler-tuvalli-cerceve\/#breadcrumb"},"inLanguage":"tr","potentialAction":[{"@type":"ReadAction","target":["https:\/\/woodvive.com\/index.php\/product\/6-panelli-moduler-tuvalli-cerceve\/"]}]},{"@type":"ImageObject","inLanguage":"tr","@id":"https:\/\/woodvive.com\/index.php\/product\/6-panelli-moduler-tuvalli-cerceve\/#primaryimage","url":"https:\/\/woodvive.com\/wp-content\/uploads\/2026\/02\/1-1.jpg","contentUrl":"https:\/\/woodvive.com\/wp-content\/uploads\/2026\/02\/1-1.jpg","width":2154,"height":2154,"caption":"Mod\u00fcler \u00e7oklu set kanvas \u00e7er\u00e7eve"},{"@type":"BreadcrumbList","@id":"https:\/\/woodvive.com\/index.php\/product\/6-panelli-moduler-tuvalli-cerceve\/#breadcrumb","itemListElement":[{"@type":"ListItem","position":1,"name":"\u00dcr\u00fcnler","item":"https:\/\/woodvive.com\/index.php\/shop\/"},{"@type":"ListItem","position":2,"name":"\u00c7er\u00e7eveli Kanvas \/ Tuval","item":"https:\/\/woodvive.com\/index.php\/product-category\/cerceveli-kanvas-tuval\/"},{"@type":"ListItem","position":3,"name":"6 Panelli Mod\u00fcler Tuvalli \u00c7er\u00e7eve &#8211; \u00c7oklu Set &#8211; Do\u011fal Ah\u015fap"}]},{"@type":"WebSite","@id":"https:\/\/woodvive.com\/#website","url":"https:\/\/woodvive.com\/","name":"Woodvive Ah\u015fap At\u00f6lyesi","description":"Sanat i\u00e7in do\u011fal tasar\u0131m","publisher":{"@id":"https:\/\/woodvive.com\/#organization"},"alternateName":"Woodvive","potentialAction":[{"@type":"SearchAction","target":{"@type":"EntryPoint","urlTemplate":"https:\/\/woodvive.com\/?s={search_term_string}"},"query-input":{"@type":"PropertyValueSpecification","valueRequired":true,"valueName":"search_term_string"}}],"inLanguage":"tr"},{"@type":"Organization","@id":"https:\/\/woodvive.com\/#organization","name":"Woodvive Ah\u015fap At\u00f6lyesi","alternateName":"Woodvive","url":"https:\/\/woodvive.com\/","logo":{"@type":"ImageObject","inLanguage":"tr","@id":"https:\/\/woodvive.com\/#\/schema\/logo\/image\/","url":"https:\/\/woodvive.com\/wp-content\/uploads\/2026\/01\/cropped-logopng-e1768079678709.png","contentUrl":"https:\/\/woodvive.com\/wp-content\/uploads\/2026\/01\/cropped-logopng-e1768079678709.png","width":1275,"height":597,"caption":"Woodvive Ah\u015fap At\u00f6lyesi"},"image":{"@id":"https:\/\/woodvive.com\/#\/schema\/logo\/image\/"},"sameAs":["https:\/\/www.facebook.com\/woodvivedecor\/","http:\/\/instagram.com\/woodvivecom","http:\/\/youtube.com\/@woodvive","https:\/\/tr.pinterest.com\/woodvive\/"]}]}},"_links":{"self":[{"href":"https:\/\/woodvive.com\/index.php\/wp-json\/wp\/v2\/product\/20953","targetHints":{"allow":["GET"]}}],"collection":[{"href":"https:\/\/woodvive.com\/index.php\/wp-json\/wp\/v2\/product"}],"about":[{"href":"https:\/\/woodvive.com\/index.php\/wp-json\/wp\/v2\/types\/product"}],"replies":[{"embeddable":true,"href":"https:\/\/woodvive.com\/index.php\/wp-json\/wp\/v2\/comments?post=20953"}],"wp:featuredmedia":[{"embeddable":true,"href":"https:\/\/woodvive.com\/index.php\/wp-json\/wp\/v2\/media\/20931"}],"wp:attachment":[{"href":"https:\/\/woodvive.com\/index.php\/wp-json\/wp\/v2\/media?parent=20953"}],"wp:term":[{"taxonomy":"product_brand","embeddable":true,"href":"https:\/\/woodvive.com\/index.php\/wp-json\/wp\/v2\/product_brand?post=20953"},{"taxonomy":"product_cat","embeddable":true,"href":"https:\/\/woodvive.com\/index.php\/wp-json\/wp\/v2\/product_cat?post=20953"},{"taxonomy":"product_tag","embeddable":true,"href":"https:\/\/woodvive.com\/index.php\/wp-json\/wp\/v2\/product_tag?post=20953"}],"curies":[{"name":"wp","href":"https:\/\/api.w.org\/{rel}","templated":true}]}}